{"id":1185,"date":"2017-02-08T11:21:21","date_gmt":"2017-02-08T11:21:21","guid":{"rendered":"https:\/\/www.dermatologiagarces.es\/?page_id=1185\/"},"modified":"2017-03-29T16:33:18","modified_gmt":"2017-03-29T16:33:18","slug":"dra-alba-catala","status":"publish","type":"page","link":"https:\/\/www.dermatologiagarces.es\/ca\/dra-alba-catala\/","title":{"rendered":"Dra. Alba Catal\u00e0"},"content":{"rendered":"<p>[vc_row][vc_column width=&#8221;1\/3&#8243;][vc_single_image image=&#8221;713&#8243; img_size=&#8221;full&#8221; css=&#8221;.vc_custom_1483616918735{margin-top: 0px !important;margin-right: 0px !important;margin-bottom: 0px !important;margin-left: 0px !important;border-top-width: 0px !important;border-right-width: 0px !important;border-bottom-width: 0px !important;border-left-width: 0px !important;padding-top: 0px !important;padding-right: 0px !important;padding-bottom: 0px !important;padding-left: 0px !important;}&#8221;][vc_custom_heading text=&#8221;Dra. Alba Catal\u00e0&#8221; font_container=&#8221;tag:h2|text_align:left|color:%233b506b&#8221; use_theme_fonts=&#8221;yes&#8221; css=&#8221;.vc_custom_1463998522655{margin-top: 0px !important;margin-right: 0px !important;margin-bottom: 0px !important;margin-left: 0px !important;border-top-width: 0px !important;border-right-width: 0px !important;border-bottom-width: 0px !important;border-left-width: 0px !important;padding-top: 10px !important;padding-right: 10px !important;padding-bottom: 10px !important;padding-left: 10px !important;background-color: #ffffff !important;}&#8221;][vc_custom_heading text=&#8221;Directora de la Unitat de Malalties de Transmissi\u00f3 Sexual&#8221; font_container=&#8221;tag:p|text_align:left|color:%233b506b&#8221; use_theme_fonts=&#8221;yes&#8221; css=&#8221;.vc_custom_1486552387369{margin-top: 0px !important;margin-right: 0px !important;margin-bottom: 0px !important;margin-left: 0px !important;border-top-width: 0px !important;border-right-width: 0px !important;border-bottom-width: 0px !important;border-left-width: 0px !important;padding-top: 10px !important;padding-right: 10px !important;padding-bottom: 10px !important;padding-left: 10px !important;background-color: #ffffff !important;}&#8221; link=&#8221;url:https%3A%2F%2Fwww.dermatologiagarces.es%2Fenfermedades-de-transmision-sexual%2F||&#8221;][vc_separator color=&#8221;chino&#8221; css=&#8221;.vc_custom_1462973459450{margin-top: 0px !important;margin-right: 0px !important;margin-bottom: 0px !important;margin-left: 0px !important;border-top-width: 0px !important;border-right-width: 0px !important;border-bottom-width: 0px !important;border-left-width: 0px !important;padding-top: 0px !important;padding-right: 0px !important;padding-bottom: 0px !important;padding-left: 0px !important;background-color: ffffff !important;}&#8221;][vc_column_text css=&#8221;.vc_custom_1490803151914{margin-top: 0px !important;margin-right: 0px !important;margin-bottom: 0px !important;margin-left: 0px !important;border-top-width: 0px !important;border-right-width: 0px !important;border-bottom-width: 0px !important;border-left-width: 0px !important;padding-top: 10px !important;padding-right: 10px !important;padding-bottom: 10px !important;padding-left: 10px !important;background-color: #ffffff !important;}&#8221;]<strong>Formaci\u00f3:<\/strong> Llicenciada en Medicina i Cirurgia. Especialista en Dermatologia<br \/>\n<strong>Especialitat:<\/strong> <a style=\"text-decoration: underline;\" href=\"https:\/\/www.dermatologiagarces.es\/ca\/malalties-de-transmissio-sexual\/\">Malalties de Transmissi\u00f3 Sexual<\/a>,\u00a0<span style=\"text-decoration: underline;\"><a href=\"https:\/\/www.dermatologiagarces.es\/ca\/dermatologia-clinica\/\">Dermatologia Cl\u00ednica<\/a>\u00a0i tractament amb l\u00e0ser.<\/span>[\/vc_column_text][vc_btn title=&#8221;Demani cita&#8221; color=&#8221;chino&#8221; align=&#8221;center&#8221; css=&#8221;.vc_custom_1488887056158{margin-top: 0px !important;margin-right: 0px !important;margin-bottom: 0px !important;margin-left: 0px !important;border-top-width: 0px !important;border-right-width: 0px !important;border-bottom-width: 0px !important;border-left-width: 0px !important;padding-top: 10px !important;padding-right: 10px !important;padding-bottom: 10px !important;padding-left: 10px !important;background-color: #ffffff !important;}&#8221; link=&#8221;url:https%3A%2F%2Fwww.dermatologiagarces.es%2Fca%2Fcontactar%2F||&#8221;][\/vc_column][vc_column width=&#8221;2\/3&#8243;][vc_column_text css=&#8221;.vc_custom_1463998549798{margin-left: 30px !important;padding-bottom: 20px !important;}&#8221;]<\/p>\n<h1>Dra. Alba Catal\u00e0<\/h1>\n<p>[\/vc_column_text][vc_separator][vc_column_text css=&#8221;.vc_custom_1488887094713{margin-left: 30px !important;padding-bottom: 20px !important;}&#8221;]Llicenciada en Medicina i Cirurgia per la Universitat Aut\u00f2noma de Barcelona i especialista en Dermatologia m\u00e8dica i quir\u00fargica i Venereologia, la Dra. Alba Catal\u00e0 (<em>N\u00aa Col. 44.720)\u00a0<\/em>destaca per la seva especialitzaci\u00f3 en l&#8217;estudi i diagn\u00f2stic de les <a href=\"https:\/\/www.dermatologiagarces.es\/ca\/malalties-de-transmissio-sexual\/\">malalties ven\u00e8ries de transmissi\u00f3 sexual.<\/a><\/p>\n<p>La Dra. Catal\u00e0 forma part de diferents projectes d&#8217;investigaci\u00f3, ha publicat nombrosos articles en revistes cient\u00edfiques i ha participat en la creaci\u00f3 de diferents protocols d&#8217;investigaci\u00f3 sobre la psoriasi, els hemangiomes infantils i les malalties infectocontagioses espec\u00edficament de tipus sexual.[\/vc_column_text][\/vc_column][\/vc_row][vc_row][vc_column][vc_empty_space][vc_column_text css=&#8221;.vc_custom_1486552809157{padding-bottom: 20px !important;}&#8221;]<\/p>\n<h2>Altres especialistes<\/h2>\n<p>[\/vc_column_text][\/vc_column][\/vc_row][vc_row][vc_column][vc_row_inner][vc_column_inner][vc_separator][\/vc_column_inner][\/vc_row_inner][vc_row_inner][vc_column_inner width=&#8221;1\/4&#8243;][vc_single_image image=&#8221;717&#8243; img_size=&#8221;full&#8221; alignment=&#8221;center&#8221; css=&#8221;.vc_custom_1484040928621{margin: 0px !important;border-width: 0px !important;padding: 0px !important;}&#8221;][vc_custom_heading text=&#8221;Dr. JR Garc\u00e9s&#8221; font_container=&#8221;tag:h4|text_align:center|color:%23ffffff&#8221; use_theme_fonts=&#8221;yes&#8221; css=&#8221;.vc_custom_1488882384424{margin-top: 0px !important;margin-right: 0px !important;margin-bottom: 0px !important;margin-left: 0px !important;border-top-width: 0px !important;border-right-width: 0px !important;border-bottom-width: 0px !important;border-left-width: 0px !important;padding-top: 10px !important;padding-right: 10px !important;padding-bottom: 10px !important;padding-left: 10px !important;background-color: #3b506b !important;}&#8221; link=&#8221;url:https%3A%2F%2Fwww.dermatologiagarces.es%2Fca%2Fjrgarces%2F||&#8221;][\/vc_column_inner][vc_column_inner width=&#8221;1\/4&#8243;][vc_single_image image=&#8221;716&#8243; img_size=&#8221;full&#8221; css=&#8221;.vc_custom_1484040936722{margin: 0px !important;border-width: 0px !important;padding: 0px !important;}&#8221;][vc_custom_heading text=&#8221;Dr. Joan Dalmau&#8221; font_container=&#8221;tag:h4|text_align:center|color:%23ffffff&#8221; use_theme_fonts=&#8221;yes&#8221; css=&#8221;.vc_custom_1488883103230{margin-top: 0px !important;margin-right: 0px !important;margin-bottom: 0px !important;margin-left: 0px !important;border-top-width: 0px !important;border-right-width: 0px !important;border-bottom-width: 0px !important;border-left-width: 0px !important;padding-top: 10px !important;padding-right: 10px !important;padding-bottom: 10px !important;padding-left: 10px !important;background-color: #3b506b !important;}&#8221; link=&#8221;url:https%3A%2F%2Fwww.dermatologiagarces.es%2Fca%2Fjoandalmau%2F||&#8221;][\/vc_column_inner][vc_column_inner width=&#8221;1\/4&#8243;][vc_single_image image=&#8221;713&#8243; img_size=&#8221;full&#8221; css=&#8221;.vc_custom_1484041336858{margin: 0px !important;border-width: 0px !important;padding: 0px !important;}&#8221;][vc_custom_heading text=&#8221;Dra. Alba Catal\u00e0&#8221; font_container=&#8221;tag:h4|text_align:center|color:%23ffffff&#8221; use_theme_fonts=&#8221;yes&#8221; css=&#8221;.vc_custom_1488884092285{margin-top: 0px !important;margin-right: 0px !important;margin-bottom: 0px !important;margin-left: 0px !important;border-top-width: 0px !important;border-right-width: 0px !important;border-bottom-width: 0px !important;border-left-width: 0px !important;padding-top: 10px !important;padding-right: 10px !important;padding-bottom: 10px !important;padding-left: 10px !important;background-color: #3b506b !important;}&#8221; link=&#8221;url:https%3A%2F%2Fwww.dermatologiagarces.es%2Fca%2Fdra-alba-catala%2F||&#8221;][\/vc_column_inner][vc_column_inner width=&#8221;1\/4&#8243;][vc_single_image image=&#8221;715&#8243; img_size=&#8221;full&#8221; css=&#8221;.vc_custom_1484040951131{margin: 0px !important;border-width: 0px !important;padding: 0px !important;}&#8221;][vc_custom_heading text=&#8221;Dra. Eva Vilarrasa&#8221; font_container=&#8221;tag:h4|text_align:center|color:%23ffffff&#8221; use_theme_fonts=&#8221;yes&#8221; css=&#8221;.vc_custom_1488884396637{margin-top: 0px !important;margin-right: 0px !important;margin-bottom: 0px !important;margin-left: 0px !important;border-top-width: 0px !important;border-right-width: 0px !important;border-bottom-width: 0px !important;border-left-width: 0px !important;padding-top: 10px !important;padding-right: 10px !important;padding-bottom: 10px !important;padding-left: 10px !important;background-color: #3b506b !important;}&#8221; link=&#8221;url:https%3A%2F%2Fwww.dermatologiagarces.es%2Fca%2Fdra-eva-vilarrasa%2F||&#8221;][\/vc_column_inner][\/vc_row_inner][vc_empty_space height=&#8221;15px&#8221;][\/vc_column][\/vc_row][vc_row][vc_column][vc_row_inner][vc_column_inner width=&#8221;1\/4&#8243;][vc_single_image image=&#8221;718&#8243; img_size=&#8221;full&#8221; alignment=&#8221;center&#8221; css=&#8221;.vc_custom_1484040961541{margin: 0px !important;border-width: 0px !important;padding: 0px !important;}&#8221;][vc_custom_heading text=&#8221;Dr. Xavier Garc\u00eda-Navarro&#8221; font_container=&#8221;tag:h4|text_align:center|color:%23ffffff&#8221; use_theme_fonts=&#8221;yes&#8221; css=&#8221;.vc_custom_1488884509804{margin-top: 0px !important;margin-right: 0px !important;margin-bottom: 0px !important;margin-left: 0px !important;border-top-width: 0px !important;border-right-width: 0px !important;border-bottom-width: 0px !important;border-left-width: 0px !important;padding-top: 10px !important;padding-right: 10px !important;padding-bottom: 10px !important;padding-left: 10px !important;background-color: #3b506b !important;}&#8221; link=&#8221;url:https%3A%2F%2Fwww.dermatologiagarces.es%2Fca%2Fdr-xavier-garcia-navarro%2F||&#8221;][\/vc_column_inner][vc_column_inner width=&#8221;1\/4&#8243;][vc_single_image image=&#8221;714&#8243; img_size=&#8221;full&#8221; css=&#8221;.vc_custom_1484040971066{margin: 0px !important;border-width: 0px !important;padding: 0px !important;}&#8221;][vc_custom_heading text=&#8221;Dra. Cristina San Jos\u00e9&#8221; font_container=&#8221;tag:h4|text_align:center|color:%23ffffff&#8221; use_theme_fonts=&#8221;yes&#8221; css=&#8221;.vc_custom_1488884493165{margin-top: 0px !important;margin-right: 0px !important;margin-bottom: 0px !important;margin-left: 0px !important;border-top-width: 0px !important;border-right-width: 0px !important;border-bottom-width: 0px !important;border-left-width: 0px !important;padding-top: 10px !important;padding-right: 10px !important;padding-bottom: 10px !important;padding-left: 10px !important;background-color: #3b506b !important;}&#8221; link=&#8221;url:https%3A%2F%2Fwww.dermatologiagarces.es%2Fca%2Fdra-cristina-san-jose%2F||&#8221;][\/vc_column_inner][vc_column_inner width=&#8221;1\/4&#8243;][vc_single_image image=&#8221;1113&#8243; img_size=&#8221;full&#8221; css=&#8221;.vc_custom_1485272593919{margin-top: 0px !important;margin-right: 0px !important;margin-bottom: 0px !important;margin-left: 0px !important;border-top-width: 0px !important;border-right-width: 0px !important;border-bottom-width: 0px !important;border-left-width: 0px !important;padding-top: 0px !important;padding-right: 0px !important;padding-bottom: 0px !important;padding-left: 0px !important;}&#8221;][vc_custom_heading text=&#8221;Dra. Ver\u00f3nica Ruiz&#8221; font_container=&#8221;tag:h4|text_align:center|color:%23ffffff&#8221; use_theme_fonts=&#8221;yes&#8221; css=&#8221;.vc_custom_1488884570650{margin-top: 0px !important;margin-right: 0px !important;margin-bottom: 0px !important;margin-left: 0px !important;border-top-width: 0px !important;border-right-width: 0px !important;border-bottom-width: 0px !important;border-left-width: 0px !important;padding-top: 10px !important;padding-right: 10px !important;padding-bottom: 10px !important;padding-left: 10px !important;background-color: #3b506b !important;}&#8221; link=&#8221;url:https%3A%2F%2Fwww.dermatologiagarces.es%2Fca%2Fdra-veronica-ruiz%2F||&#8221;][\/vc_column_inner][vc_column_inner width=&#8221;1\/4&#8243;][vc_single_image image=&#8221;1111&#8243; img_size=&#8221;full&#8221; css=&#8221;.vc_custom_1485272604793{margin-top: 0px !important;margin-right: 0px !important;margin-bottom: 0px !important;margin-left: 0px !important;border-top-width: 0px !important;border-right-width: 0px !important;border-bottom-width: 0px !important;border-left-width: 0px !important;padding-top: 0px !important;padding-right: 0px !important;padding-bottom: 0px !important;padding-left: 0px !important;}&#8221;][vc_custom_heading text=&#8221;Dra. Paola Pasquali&#8221; font_container=&#8221;tag:h4|text_align:center|color:%23ffffff&#8221; use_theme_fonts=&#8221;yes&#8221; css=&#8221;.vc_custom_1488884613332{margin-top: 0px !important;margin-right: 0px !important;margin-bottom: 0px !important;margin-left: 0px !important;border-top-width: 0px !important;border-right-width: 0px !important;border-bottom-width: 0px !important;border-left-width: 0px !important;padding-top: 10px !important;padding-right: 10px !important;padding-bottom: 10px !important;padding-left: 10px !important;background-color: #3b506b !important;}&#8221; link=&#8221;url:https%3A%2F%2Fwww.dermatologiagarces.es%2Fca%2Fdra-paola-pasquali%2F||&#8221;][\/vc_column_inner][\/vc_row_inner][\/vc_column][\/vc_row][vc_row][vc_column][vc_empty_space][vc_empty_space][vc_empty_space][vc_cta h2=&#8221;Si vol demanar cita o m\u00e9s informaci\u00f3, contacti amb nosaltres.&#8221; h2_font_container=&#8221;font_size:24|color:%23ffffff&#8221; h2_use_theme_fonts=&#8221;yes&#8221; add_button=&#8221;right&#8221; btn_title=&#8221;Contactar&#8221; btn_style=&#8221;classic&#8221; btn_color=&#8221;chino&#8221; btn_align=&#8221;right&#8221; css=&#8221;.vc_custom_1488884647207{background-color: #3b506b !important;}&#8221; use_custom_fonts_h2=&#8221;true&#8221; use_custom_fonts_h4=&#8221;true&#8221; btn_button_block=&#8221;true&#8221; btn_link=&#8221;url:https%3A%2F%2Fwww.dermatologiagarces.es%2Fca%2Fcontactar%2F||&#8221;][\/vc_cta][\/vc_column][\/vc_row][vc_row][vc_column][vc_column_text]<\/p>\n<h2><\/h2>\n<p>[\/vc_column_text][\/vc_column][\/vc_row]<\/p>\n","protected":false},"excerpt":{"rendered":"<p>[vc_row][vc_column width=&#8221;1\/3&#8243;][vc_single_image image=&#8221;713&#8243; img_size=&#8221;full&#8221; css=&#8221;.vc_custom_1483616918735{margin-top: 0px !important;margin-right: 0px !important;margin-bottom: 0px !important;margin-left: 0px !important;border-top-width: 0px !important;border-right-width: 0px !important;border-bottom-width: 0px !important;border-left-width: 0px !important;padding-top: 0px !important;padding-right: 0px !important;padding-bottom: 0px !important;padding-left: 0px !important;}&#8221;][vc_custom_heading text=&#8221;Dra. Alba Catal\u00e0&#8221; font_container=&#8221;tag:h2|text_align:left|color:%233b506b&#8221; use_theme_fonts=&#8221;yes&#8221; css=&#8221;.vc_custom_1463998522655{margin-top: 0px !important;margin-right: 0px !important;margin-bottom: 0px !important;margin-left: 0px !important;border-top-width: 0px !important;border-right-width: 0px !important;border-bottom-width: 0px !important;border-left-width: 0px !important;padding-top: 10px !important;padding-right: 10px !important;padding-bottom: [&hellip;]<\/p>\n","protected":false},"author":1,"featured_media":0,"parent":0,"menu_order":0,"comment_status":"closed","ping_status":"closed","template":"","meta":{"footnotes":""},"class_list":["post-1185","page","type-page","status-publish","hentry"],"yoast_head":"<!-- This site is optimized with the Yoast SEO plugin v26.8 - https:\/\/yoast.com\/product\/yoast-seo-wordpress\/ -->\n<title>Dra. Alba Catal\u00e0 - Dermatologia Garces<\/title>\n<meta name=\"robots\" content=\"index, follow, max-snippet:-1, max-image-preview:large, max-video-preview:-1\" \/>\n<link rel=\"canonical\" href=\"https:\/\/www.dermatologiagarces.es\/ca\/dra-alba-catala\/\" \/>\n<meta property=\"og:locale\" content=\"ca_ES\" \/>\n<meta property=\"og:type\" content=\"article\" \/>\n<meta property=\"og:title\" content=\"Dra. Alba Catal\u00e0 - Dermatologia Garces\" \/>\n<meta property=\"og:description\" content=\"[vc_row][vc_column width=&#8221;1\/3&#8243;][vc_single_image image=&#8221;713&#8243; img_size=&#8221;full&#8221; css=&#8221;.vc_custom_1483616918735{margin-top: 0px !important;margin-right: 0px !important;margin-bottom: 0px !important;margin-left: 0px !important;border-top-width: 0px !important;border-right-width: 0px !important;border-bottom-width: 0px !important;border-left-width: 0px !important;padding-top: 0px !important;padding-right: 0px !important;padding-bottom: 0px !important;padding-left: 0px !important;}&#8221;][vc_custom_heading text=&#8221;Dra. Alba Catal\u00e0&#8221; font_container=&#8221;tag:h2|text_align:left|color:%233b506b&#8221; use_theme_fonts=&#8221;yes&#8221; css=&#8221;.vc_custom_1463998522655{margin-top: 0px !important;margin-right: 0px !important;margin-bottom: 0px !important;margin-left: 0px !important;border-top-width: 0px !important;border-right-width: 0px !important;border-bottom-width: 0px !important;border-left-width: 0px !important;padding-top: 10px !important;padding-right: 10px !important;padding-bottom: [&hellip;]\" \/>\n<meta property=\"og:url\" content=\"https:\/\/www.dermatologiagarces.es\/ca\/dra-alba-catala\/\" \/>\n<meta property=\"og:site_name\" content=\"Dermatologia Garces\" \/>\n<meta property=\"article:modified_time\" content=\"2017-03-29T16:33:18+00:00\" \/>\n<meta name=\"twitter:card\" content=\"summary_large_image\" \/>\n<meta name=\"twitter:label1\" content=\"Est. reading time\" \/>\n\t<meta name=\"twitter:data1\" content=\"8 minutes\" \/>\n<script type=\"application\/ld+json\" class=\"yoast-schema-graph\">{\"@context\":\"https:\/\/schema.org\",\"@graph\":[{\"@type\":\"WebPage\",\"@id\":\"https:\/\/www.dermatologiagarces.es\/ca\/dra-alba-catala\/\",\"url\":\"https:\/\/www.dermatologiagarces.es\/ca\/dra-alba-catala\/\",\"name\":\"Dra. Alba Catal\u00e0 - Dermatologia Garces\",\"isPartOf\":{\"@id\":\"https:\/\/www.dermatologiagarces.es\/#website\"},\"datePublished\":\"2017-02-08T11:21:21+00:00\",\"dateModified\":\"2017-03-29T16:33:18+00:00\",\"breadcrumb\":{\"@id\":\"https:\/\/www.dermatologiagarces.es\/ca\/dra-alba-catala\/#breadcrumb\"},\"inLanguage\":\"ca-ES\",\"potentialAction\":[{\"@type\":\"ReadAction\",\"target\":[\"https:\/\/www.dermatologiagarces.es\/ca\/dra-alba-catala\/\"]}]},{\"@type\":\"BreadcrumbList\",\"@id\":\"https:\/\/www.dermatologiagarces.es\/ca\/dra-alba-catala\/#breadcrumb\",\"itemListElement\":[{\"@type\":\"ListItem\",\"position\":1,\"name\":\"Portada\",\"item\":\"https:\/\/www.dermatologiagarces.es\/ca\/\"},{\"@type\":\"ListItem\",\"position\":2,\"name\":\"Dra. Alba Catal\u00e0\"}]},{\"@type\":\"WebSite\",\"@id\":\"https:\/\/www.dermatologiagarces.es\/#website\",\"url\":\"https:\/\/www.dermatologiagarces.es\/\",\"name\":\"Dermatologia Garces\",\"description\":\"Dermatologia Dr. JR Garc\u00e9s Centro M\u00e9dico Teknon\",\"publisher\":{\"@id\":\"https:\/\/www.dermatologiagarces.es\/#organization\"},\"potentialAction\":[{\"@type\":\"SearchAction\",\"target\":{\"@type\":\"EntryPoint\",\"urlTemplate\":\"https:\/\/www.dermatologiagarces.es\/?s={search_term_string}\"},\"query-input\":{\"@type\":\"PropertyValueSpecification\",\"valueRequired\":true,\"valueName\":\"search_term_string\"}}],\"inLanguage\":\"ca-ES\"},{\"@type\":\"Organization\",\"@id\":\"https:\/\/www.dermatologiagarces.es\/#organization\",\"name\":\"Dermatologia Garc\u00e9s\",\"url\":\"https:\/\/www.dermatologiagarces.es\/\",\"logo\":{\"@type\":\"ImageObject\",\"inLanguage\":\"ca-ES\",\"@id\":\"https:\/\/www.dermatologiagarces.es\/#\/schema\/logo\/image\/\",\"url\":\"https:\/\/www.dermatologiagarces.es\/wp-content\/uploads\/2016\/04\/Logotip-Garces-1-e1490180757988.png\",\"contentUrl\":\"https:\/\/www.dermatologiagarces.es\/wp-content\/uploads\/2016\/04\/Logotip-Garces-1-e1490180757988.png\",\"width\":150,\"height\":55,\"caption\":\"Dermatologia Garc\u00e9s\"},\"image\":{\"@id\":\"https:\/\/www.dermatologiagarces.es\/#\/schema\/logo\/image\/\"}}]}<\/script>\n<!-- \/ Yoast SEO plugin. -->","yoast_head_json":{"title":"Dra. Alba Catal\u00e0 - Dermatologia Garces","robots":{"index":"index","follow":"follow","max-snippet":"max-snippet:-1","max-image-preview":"max-image-preview:large","max-video-preview":"max-video-preview:-1"},"canonical":"https:\/\/www.dermatologiagarces.es\/ca\/dra-alba-catala\/","og_locale":"ca_ES","og_type":"article","og_title":"Dra. Alba Catal\u00e0 - Dermatologia Garces","og_description":"[vc_row][vc_column width=&#8221;1\/3&#8243;][vc_single_image image=&#8221;713&#8243; img_size=&#8221;full&#8221; css=&#8221;.vc_custom_1483616918735{margin-top: 0px !important;margin-right: 0px !important;margin-bottom: 0px !important;margin-left: 0px !important;border-top-width: 0px !important;border-right-width: 0px !important;border-bottom-width: 0px !important;border-left-width: 0px !important;padding-top: 0px !important;padding-right: 0px !important;padding-bottom: 0px !important;padding-left: 0px !important;}&#8221;][vc_custom_heading text=&#8221;Dra. Alba Catal\u00e0&#8221; font_container=&#8221;tag:h2|text_align:left|color:%233b506b&#8221; use_theme_fonts=&#8221;yes&#8221; css=&#8221;.vc_custom_1463998522655{margin-top: 0px !important;margin-right: 0px !important;margin-bottom: 0px !important;margin-left: 0px !important;border-top-width: 0px !important;border-right-width: 0px !important;border-bottom-width: 0px !important;border-left-width: 0px !important;padding-top: 10px !important;padding-right: 10px !important;padding-bottom: [&hellip;]","og_url":"https:\/\/www.dermatologiagarces.es\/ca\/dra-alba-catala\/","og_site_name":"Dermatologia Garces","article_modified_time":"2017-03-29T16:33:18+00:00","twitter_card":"summary_large_image","twitter_misc":{"Est. reading time":"8 minutes"},"schema":{"@context":"https:\/\/schema.org","@graph":[{"@type":"WebPage","@id":"https:\/\/www.dermatologiagarces.es\/ca\/dra-alba-catala\/","url":"https:\/\/www.dermatologiagarces.es\/ca\/dra-alba-catala\/","name":"Dra. Alba Catal\u00e0 - Dermatologia Garces","isPartOf":{"@id":"https:\/\/www.dermatologiagarces.es\/#website"},"datePublished":"2017-02-08T11:21:21+00:00","dateModified":"2017-03-29T16:33:18+00:00","breadcrumb":{"@id":"https:\/\/www.dermatologiagarces.es\/ca\/dra-alba-catala\/#breadcrumb"},"inLanguage":"ca-ES","potentialAction":[{"@type":"ReadAction","target":["https:\/\/www.dermatologiagarces.es\/ca\/dra-alba-catala\/"]}]},{"@type":"BreadcrumbList","@id":"https:\/\/www.dermatologiagarces.es\/ca\/dra-alba-catala\/#breadcrumb","itemListElement":[{"@type":"ListItem","position":1,"name":"Portada","item":"https:\/\/www.dermatologiagarces.es\/ca\/"},{"@type":"ListItem","position":2,"name":"Dra. Alba Catal\u00e0"}]},{"@type":"WebSite","@id":"https:\/\/www.dermatologiagarces.es\/#website","url":"https:\/\/www.dermatologiagarces.es\/","name":"Dermatologia Garces","description":"Dermatologia Dr. JR Garc\u00e9s Centro M\u00e9dico Teknon","publisher":{"@id":"https:\/\/www.dermatologiagarces.es\/#organization"},"potentialAction":[{"@type":"SearchAction","target":{"@type":"EntryPoint","urlTemplate":"https:\/\/www.dermatologiagarces.es\/?s={search_term_string}"},"query-input":{"@type":"PropertyValueSpecification","valueRequired":true,"valueName":"search_term_string"}}],"inLanguage":"ca-ES"},{"@type":"Organization","@id":"https:\/\/www.dermatologiagarces.es\/#organization","name":"Dermatologia Garc\u00e9s","url":"https:\/\/www.dermatologiagarces.es\/","logo":{"@type":"ImageObject","inLanguage":"ca-ES","@id":"https:\/\/www.dermatologiagarces.es\/#\/schema\/logo\/image\/","url":"https:\/\/www.dermatologiagarces.es\/wp-content\/uploads\/2016\/04\/Logotip-Garces-1-e1490180757988.png","contentUrl":"https:\/\/www.dermatologiagarces.es\/wp-content\/uploads\/2016\/04\/Logotip-Garces-1-e1490180757988.png","width":150,"height":55,"caption":"Dermatologia Garc\u00e9s"},"image":{"@id":"https:\/\/www.dermatologiagarces.es\/#\/schema\/logo\/image\/"}}]}},"_links":{"self":[{"href":"https:\/\/www.dermatologiagarces.es\/ca\/wp-json\/wp\/v2\/pages\/1185","targetHints":{"allow":["GET"]}}],"collection":[{"href":"https:\/\/www.dermatologiagarces.es\/ca\/wp-json\/wp\/v2\/pages"}],"about":[{"href":"https:\/\/www.dermatologiagarces.es\/ca\/wp-json\/wp\/v2\/types\/page"}],"author":[{"embeddable":true,"href":"https:\/\/www.dermatologiagarces.es\/ca\/wp-json\/wp\/v2\/users\/1"}],"replies":[{"embeddable":true,"href":"https:\/\/www.dermatologiagarces.es\/ca\/wp-json\/wp\/v2\/comments?post=1185"}],"version-history":[{"count":4,"href":"https:\/\/www.dermatologiagarces.es\/ca\/wp-json\/wp\/v2\/pages\/1185\/revisions"}],"predecessor-version":[{"id":1894,"href":"https:\/\/www.dermatologiagarces.es\/ca\/wp-json\/wp\/v2\/pages\/1185\/revisions\/1894"}],"wp:attachment":[{"href":"https:\/\/www.dermatologiagarces.es\/ca\/wp-json\/wp\/v2\/media?parent=1185"}],"curies":[{"name":"wp","href":"https:\/\/api.w.org\/{rel}","templated":true}]}}