{"id":1252,"date":"2017-03-06T09:50:30","date_gmt":"2017-03-06T09:50:30","guid":{"rendered":"https:\/\/www.dermatologiagarces.es\/?page_id=1252\/"},"modified":"2017-03-30T07:37:21","modified_gmt":"2017-03-30T07:37:21","slug":"malalties-de-transmissio-sexual","status":"publish","type":"page","link":"https:\/\/www.dermatologiagarces.es\/ca\/malalties-de-transmissio-sexual\/","title":{"rendered":"Malalties de transmissi\u00f3 sexual"},"content":{"rendered":"<p>[vc_row][vc_column width=&#8221;1\/2&#8243;][vc_single_image image=&#8221;1854&#8243; img_size=&#8221;full&#8221;][\/vc_column][vc_column width=&#8221;1\/2&#8243;][vc_column_text]La <strong>Unitat de Malalties de Transmissi\u00f3 Sexual<\/strong> del Institut de Dermatologia Garc\u00e9s, dirigit per la <strong><a href=\"https:\/\/www.dermatologiagarces.es\/ca\/dra-alba-catala\/\">Dra. Alba Catal\u00e0<\/a><\/strong>, s&#8217;encarrega del diagn\u00f2stic, tractament i seguiment de totes les infeccions i malalties que s&#8217;adquireixen i es transmeten a trav\u00e9s de l&#8217;activitat sexual .<\/p>\n<p>Aquestes malalties s\u00f3n causades per bacteris o virus i, en alguns casos, per fongs. Per minimitzar el risc de contraure alguna d&#8217;aquestes malalties, es recomana mantenir una <strong>adequada higiene \u00edntima i utilitzar mecanismes de protecci\u00f3 durant les relacions sexuals<\/strong>. Cal tenir en compte que una de les principals causes de transmissi\u00f3 d&#8217;aquestes malalties \u00e9s el desconeixement d&#8217;estar infectat, ja que en molts casos no produeixen s\u00edmptomes i s\u00f3n de dif\u00edcil detecci\u00f3.<\/p>\n<p>La Unitat mant\u00e9 un <strong>enfocament multidisciplinari<\/strong> i col\u00b7labora amb especialistes d&#8217;Urologia, Proctologia, Ginecologia, Medicina Interna i altres especialitats relacionades.<\/p>\n<p>Encara que s\u00f3n malalties de f\u00e0cil curaci\u00f3 si es detecten a temps, poden arribar a ser perilloses si no es tracten i causar greus problemes de salut. \u00c9s per aix\u00f2 que a la Unitat <strong>assegurem una r\u00e0pida resposta i una confidencialitat absoluta<\/strong> a l&#8217;hora de tractar als nostres pacients.[\/vc_column_text][\/vc_column][\/vc_row][vc_row gap=&#8221;20&#8243; content_placement=&#8221;middle&#8221;][vc_column][vc_separator][vc_empty_space][vc_row_inner][vc_column_inner width=&#8221;1\/3&#8243;][vc_text_separator title=&#8221;Virus del Papil\u2022loma Hum\u00e0&#8221; color=&#8221;chino&#8221; el_class=&#8221;h4&#8243;][vc_column_text]\u00c9s una malaltia causada per un virus que es transmet per via sexual.[\/vc_column_text][vc_button2 title=&#8221;Veure m\u00e9s&#8221; align=&#8221;center&#8221; color=&#8221;chino&#8221; size=&#8221;sm&#8221; link=&#8221;url:https%3A%2F%2Fwww.dermatologiagarces.es%2Fca%2Fmalalties-de-transmissio-sexual%2Fvirus-del-papil%25c2%25b7loma-huma%2F||&#8221;][\/vc_column_inner][vc_column_inner width=&#8221;1\/3&#8243;][vc_text_separator title=&#8221;S\u00edfilis&#8221; color=&#8221;chino&#8221; el_class=&#8221;h4&#8243;][vc_column_text]Infecci\u00f3 bacteriana que es transmet mitjan\u00e7ant contacte sexual.[\/vc_column_text][vc_button2 title=&#8221;Veure m\u00e9s&#8221; align=&#8221;center&#8221; color=&#8221;chino&#8221; size=&#8221;sm&#8221; link=&#8221;url:https%3A%2F%2Fwww.dermatologiagarces.es%2Fca%2Fmalalties-de-transmissio-sexual%2Fsifilis%2F||&#8221;][\/vc_column_inner][vc_column_inner width=&#8221;1\/3&#8243;][vc_text_separator title=&#8221;Gonorrea&#8221; color=&#8221;chino&#8221; el_class=&#8221;h4&#8243;][vc_column_text]Infecci\u00f3 causada pel bacteri <em>Neisseria gonorrhoeae<\/em> que es transmet per via sexual.[\/vc_column_text][vc_button2 title=&#8221;Veure m\u00e9s&#8221; align=&#8221;center&#8221; color=&#8221;chino&#8221; size=&#8221;sm&#8221; link=&#8221;url:https%3A%2F%2Fwww.dermatologiagarces.es%2Fca%2Fmalalties-de-transmissio-sexual%2Fgonorrea%2F||&#8221;][\/vc_column_inner][\/vc_row_inner][vc_empty_space][vc_row_inner][vc_column_inner width=&#8221;1\/3&#8243;][vc_text_separator title=&#8221;Herpes genital&#8221; color=&#8221;chino&#8221; el_class=&#8221;h4&#8243;][vc_column_text]Infecci\u00f3 v\u00edrica causada pel virus de l&#8217;herpes simple. Es transmet per contacte sexual.[\/vc_column_text][vc_button2 title=&#8221;Veure m\u00e9s&#8221; align=&#8221;center&#8221; color=&#8221;chino&#8221; size=&#8221;sm&#8221; link=&#8221;url:https%3A%2F%2Fwww.dermatologiagarces.es%2Fca%2Fmalalties-de-transmissio-sexual%2Fherpes-genital%2F||&#8221;][\/vc_column_inner][vc_column_inner width=&#8221;1\/3&#8243;][vc_text_separator title=&#8221;Clam\u00eddia&#8221; color=&#8221;chino&#8221; el_class=&#8221;h4&#8243;][vc_column_text]\u00c9s una infecci\u00f3 bacteriana causa pel microorganisme <em>Chlamydia trachomatis<\/em> que es transmet per via sexual.[\/vc_column_text][vc_button2 title=&#8221;Veure m\u00e9s&#8221; align=&#8221;center&#8221; color=&#8221;chino&#8221; size=&#8221;sm&#8221; link=&#8221;url:https%3A%2F%2Fwww.dermatologiagarces.es%2Fca%2Fmalalties-de-transmissio-sexual%2Fclamidia%2F||&#8221;][\/vc_column_inner][vc_column_inner width=&#8221;1\/3&#8243;][vc_text_separator title=&#8221;Limfogranuloma veneri&#8221; color=&#8221;chino&#8221; el_class=&#8221;h4&#8243;][vc_column_text]Infecci\u00f3 causada per un bacteri anomenat <em>Chlamydia trachomatis subtipus L1-L3<\/em>. Es transmet per via sexual.[\/vc_column_text][vc_button2 title=&#8221;Veure m\u00e9s&#8221; align=&#8221;center&#8221; color=&#8221;chino&#8221; size=&#8221;sm&#8221; link=&#8221;url:https%3A%2F%2Fwww.dermatologiagarces.es%2Fca%2Fmalalties-de-transmissio-sexual%2Flinfogranuloma-veneri%2F||&#8221;][\/vc_column_inner][\/vc_row_inner][vc_empty_space][vc_empty_space][vc_empty_space][vc_cta h2=&#8221;Si vol demanar cita o m\u00e9s informaci\u00f3, contacti amb nosaltres&#8221; h2_font_container=&#8221;font_size:24|color:%23ffffff&#8221; h2_use_theme_fonts=&#8221;yes&#8221; add_button=&#8221;right&#8221; btn_title=&#8221;Contactar&#8221; btn_style=&#8221;classic&#8221; btn_color=&#8221;chino&#8221; btn_align=&#8221;right&#8221; css=&#8221;.vc_custom_1489141572580{background-color: #3b506b !important;}&#8221; use_custom_fonts_h2=&#8221;true&#8221; use_custom_fonts_h4=&#8221;true&#8221; btn_button_block=&#8221;true&#8221; btn_link=&#8221;url:https%3A%2F%2Fwww.dermatologiagarces.es%2Fca%2Fcontactar%2F||&#8221;][\/vc_cta][\/vc_column][\/vc_row]<\/p>\n","protected":false},"excerpt":{"rendered":"<p>[vc_row][vc_column width=&#8221;1\/2&#8243;][vc_single_image image=&#8221;1854&#8243; img_size=&#8221;full&#8221;][\/vc_column][vc_column width=&#8221;1\/2&#8243;][vc_column_text]La Unitat de Malalties de Transmissi\u00f3 Sexual del Institut de Dermatologia Garc\u00e9s, dirigit per la Dra. Alba Catal\u00e0, s&#8217;encarrega del diagn\u00f2stic, tractament i seguiment de totes les infeccions i malalties que s&#8217;adquireixen i es transmeten a trav\u00e9s de l&#8217;activitat sexual . Aquestes malalties s\u00f3n causades per bacteris o virus i, en [&hellip;]<\/p>\n","protected":false},"author":1,"featured_media":0,"parent":0,"menu_order":0,"comment_status":"closed","ping_status":"open","template":"fullwidth-template.php","meta":{"footnotes":""},"class_list":["post-1252","page","type-page","status-publish","hentry"],"yoast_head":"<!-- This site is optimized with the Yoast SEO plugin v26.8 - https:\/\/yoast.com\/product\/yoast-seo-wordpress\/ -->\n<title>Malalties de transmissi\u00f3 sexual - Dermatologia Garces<\/title>\n<meta name=\"robots\" content=\"index, follow, max-snippet:-1, max-image-preview:large, max-video-preview:-1\" \/>\n<link rel=\"canonical\" href=\"https:\/\/www.dermatologiagarces.es\/ca\/malalties-de-transmissio-sexual\/\" \/>\n<meta property=\"og:locale\" content=\"ca_ES\" \/>\n<meta property=\"og:type\" content=\"article\" \/>\n<meta property=\"og:title\" content=\"Malalties de transmissi\u00f3 sexual - Dermatologia Garces\" \/>\n<meta property=\"og:description\" content=\"[vc_row][vc_column width=&#8221;1\/2&#8243;][vc_single_image image=&#8221;1854&#8243; img_size=&#8221;full&#8221;][\/vc_column][vc_column width=&#8221;1\/2&#8243;][vc_column_text]La Unitat de Malalties de Transmissi\u00f3 Sexual del Institut de Dermatologia Garc\u00e9s, dirigit per la Dra. Alba Catal\u00e0, s&#8217;encarrega del diagn\u00f2stic, tractament i seguiment de totes les infeccions i malalties que s&#8217;adquireixen i es transmeten a trav\u00e9s de l&#8217;activitat sexual . Aquestes malalties s\u00f3n causades per bacteris o virus i, en [&hellip;]\" \/>\n<meta property=\"og:url\" content=\"https:\/\/www.dermatologiagarces.es\/ca\/malalties-de-transmissio-sexual\/\" \/>\n<meta property=\"og:site_name\" content=\"Dermatologia Garces\" \/>\n<meta property=\"article:modified_time\" content=\"2017-03-30T07:37:21+00:00\" \/>\n<meta name=\"twitter:card\" content=\"summary_large_image\" \/>\n<meta name=\"twitter:label1\" content=\"Est. reading time\" \/>\n\t<meta name=\"twitter:data1\" content=\"4 minutes\" \/>\n<script type=\"application\/ld+json\" class=\"yoast-schema-graph\">{\"@context\":\"https:\/\/schema.org\",\"@graph\":[{\"@type\":\"WebPage\",\"@id\":\"https:\/\/www.dermatologiagarces.es\/ca\/malalties-de-transmissio-sexual\/\",\"url\":\"https:\/\/www.dermatologiagarces.es\/ca\/malalties-de-transmissio-sexual\/\",\"name\":\"Malalties de transmissi\u00f3 sexual - Dermatologia Garces\",\"isPartOf\":{\"@id\":\"https:\/\/www.dermatologiagarces.es\/#website\"},\"datePublished\":\"2017-03-06T09:50:30+00:00\",\"dateModified\":\"2017-03-30T07:37:21+00:00\",\"breadcrumb\":{\"@id\":\"https:\/\/www.dermatologiagarces.es\/ca\/malalties-de-transmissio-sexual\/#breadcrumb\"},\"inLanguage\":\"ca-ES\",\"potentialAction\":[{\"@type\":\"ReadAction\",\"target\":[\"https:\/\/www.dermatologiagarces.es\/ca\/malalties-de-transmissio-sexual\/\"]}]},{\"@type\":\"BreadcrumbList\",\"@id\":\"https:\/\/www.dermatologiagarces.es\/ca\/malalties-de-transmissio-sexual\/#breadcrumb\",\"itemListElement\":[{\"@type\":\"ListItem\",\"position\":1,\"name\":\"Portada\",\"item\":\"https:\/\/www.dermatologiagarces.es\/ca\/\"},{\"@type\":\"ListItem\",\"position\":2,\"name\":\"Malalties de transmissi\u00f3 sexual\"}]},{\"@type\":\"WebSite\",\"@id\":\"https:\/\/www.dermatologiagarces.es\/#website\",\"url\":\"https:\/\/www.dermatologiagarces.es\/\",\"name\":\"Dermatologia Garces\",\"description\":\"Dermatologia Dr. JR Garc\u00e9s Centro M\u00e9dico Teknon\",\"publisher\":{\"@id\":\"https:\/\/www.dermatologiagarces.es\/#organization\"},\"potentialAction\":[{\"@type\":\"SearchAction\",\"target\":{\"@type\":\"EntryPoint\",\"urlTemplate\":\"https:\/\/www.dermatologiagarces.es\/?s={search_term_string}\"},\"query-input\":{\"@type\":\"PropertyValueSpecification\",\"valueRequired\":true,\"valueName\":\"search_term_string\"}}],\"inLanguage\":\"ca-ES\"},{\"@type\":\"Organization\",\"@id\":\"https:\/\/www.dermatologiagarces.es\/#organization\",\"name\":\"Dermatologia Garc\u00e9s\",\"url\":\"https:\/\/www.dermatologiagarces.es\/\",\"logo\":{\"@type\":\"ImageObject\",\"inLanguage\":\"ca-ES\",\"@id\":\"https:\/\/www.dermatologiagarces.es\/#\/schema\/logo\/image\/\",\"url\":\"https:\/\/www.dermatologiagarces.es\/wp-content\/uploads\/2016\/04\/Logotip-Garces-1-e1490180757988.png\",\"contentUrl\":\"https:\/\/www.dermatologiagarces.es\/wp-content\/uploads\/2016\/04\/Logotip-Garces-1-e1490180757988.png\",\"width\":150,\"height\":55,\"caption\":\"Dermatologia Garc\u00e9s\"},\"image\":{\"@id\":\"https:\/\/www.dermatologiagarces.es\/#\/schema\/logo\/image\/\"}}]}<\/script>\n<!-- \/ Yoast SEO plugin. -->","yoast_head_json":{"title":"Malalties de transmissi\u00f3 sexual - Dermatologia Garces","robots":{"index":"index","follow":"follow","max-snippet":"max-snippet:-1","max-image-preview":"max-image-preview:large","max-video-preview":"max-video-preview:-1"},"canonical":"https:\/\/www.dermatologiagarces.es\/ca\/malalties-de-transmissio-sexual\/","og_locale":"ca_ES","og_type":"article","og_title":"Malalties de transmissi\u00f3 sexual - Dermatologia Garces","og_description":"[vc_row][vc_column width=&#8221;1\/2&#8243;][vc_single_image image=&#8221;1854&#8243; img_size=&#8221;full&#8221;][\/vc_column][vc_column width=&#8221;1\/2&#8243;][vc_column_text]La Unitat de Malalties de Transmissi\u00f3 Sexual del Institut de Dermatologia Garc\u00e9s, dirigit per la Dra. Alba Catal\u00e0, s&#8217;encarrega del diagn\u00f2stic, tractament i seguiment de totes les infeccions i malalties que s&#8217;adquireixen i es transmeten a trav\u00e9s de l&#8217;activitat sexual . Aquestes malalties s\u00f3n causades per bacteris o virus i, en [&hellip;]","og_url":"https:\/\/www.dermatologiagarces.es\/ca\/malalties-de-transmissio-sexual\/","og_site_name":"Dermatologia Garces","article_modified_time":"2017-03-30T07:37:21+00:00","twitter_card":"summary_large_image","twitter_misc":{"Est. reading time":"4 minutes"},"schema":{"@context":"https:\/\/schema.org","@graph":[{"@type":"WebPage","@id":"https:\/\/www.dermatologiagarces.es\/ca\/malalties-de-transmissio-sexual\/","url":"https:\/\/www.dermatologiagarces.es\/ca\/malalties-de-transmissio-sexual\/","name":"Malalties de transmissi\u00f3 sexual - Dermatologia Garces","isPartOf":{"@id":"https:\/\/www.dermatologiagarces.es\/#website"},"datePublished":"2017-03-06T09:50:30+00:00","dateModified":"2017-03-30T07:37:21+00:00","breadcrumb":{"@id":"https:\/\/www.dermatologiagarces.es\/ca\/malalties-de-transmissio-sexual\/#breadcrumb"},"inLanguage":"ca-ES","potentialAction":[{"@type":"ReadAction","target":["https:\/\/www.dermatologiagarces.es\/ca\/malalties-de-transmissio-sexual\/"]}]},{"@type":"BreadcrumbList","@id":"https:\/\/www.dermatologiagarces.es\/ca\/malalties-de-transmissio-sexual\/#breadcrumb","itemListElement":[{"@type":"ListItem","position":1,"name":"Portada","item":"https:\/\/www.dermatologiagarces.es\/ca\/"},{"@type":"ListItem","position":2,"name":"Malalties de transmissi\u00f3 sexual"}]},{"@type":"WebSite","@id":"https:\/\/www.dermatologiagarces.es\/#website","url":"https:\/\/www.dermatologiagarces.es\/","name":"Dermatologia Garces","description":"Dermatologia Dr. JR Garc\u00e9s Centro M\u00e9dico Teknon","publisher":{"@id":"https:\/\/www.dermatologiagarces.es\/#organization"},"potentialAction":[{"@type":"SearchAction","target":{"@type":"EntryPoint","urlTemplate":"https:\/\/www.dermatologiagarces.es\/?s={search_term_string}"},"query-input":{"@type":"PropertyValueSpecification","valueRequired":true,"valueName":"search_term_string"}}],"inLanguage":"ca-ES"},{"@type":"Organization","@id":"https:\/\/www.dermatologiagarces.es\/#organization","name":"Dermatologia Garc\u00e9s","url":"https:\/\/www.dermatologiagarces.es\/","logo":{"@type":"ImageObject","inLanguage":"ca-ES","@id":"https:\/\/www.dermatologiagarces.es\/#\/schema\/logo\/image\/","url":"https:\/\/www.dermatologiagarces.es\/wp-content\/uploads\/2016\/04\/Logotip-Garces-1-e1490180757988.png","contentUrl":"https:\/\/www.dermatologiagarces.es\/wp-content\/uploads\/2016\/04\/Logotip-Garces-1-e1490180757988.png","width":150,"height":55,"caption":"Dermatologia Garc\u00e9s"},"image":{"@id":"https:\/\/www.dermatologiagarces.es\/#\/schema\/logo\/image\/"}}]}},"_links":{"self":[{"href":"https:\/\/www.dermatologiagarces.es\/ca\/wp-json\/wp\/v2\/pages\/1252","targetHints":{"allow":["GET"]}}],"collection":[{"href":"https:\/\/www.dermatologiagarces.es\/ca\/wp-json\/wp\/v2\/pages"}],"about":[{"href":"https:\/\/www.dermatologiagarces.es\/ca\/wp-json\/wp\/v2\/types\/page"}],"author":[{"embeddable":true,"href":"https:\/\/www.dermatologiagarces.es\/ca\/wp-json\/wp\/v2\/users\/1"}],"replies":[{"embeddable":true,"href":"https:\/\/www.dermatologiagarces.es\/ca\/wp-json\/wp\/v2\/comments?post=1252"}],"version-history":[{"count":7,"href":"https:\/\/www.dermatologiagarces.es\/ca\/wp-json\/wp\/v2\/pages\/1252\/revisions"}],"predecessor-version":[{"id":1936,"href":"https:\/\/www.dermatologiagarces.es\/ca\/wp-json\/wp\/v2\/pages\/1252\/revisions\/1936"}],"wp:attachment":[{"href":"https:\/\/www.dermatologiagarces.es\/ca\/wp-json\/wp\/v2\/media?parent=1252"}],"curies":[{"name":"wp","href":"https:\/\/api.w.org\/{rel}","templated":true}]}}