{"id":1331,"date":"2017-03-06T10:15:22","date_gmt":"2017-03-06T10:15:22","guid":{"rendered":"https:\/\/www.dermatologiagarces.es\/?page_id=1331\/"},"modified":"2017-03-08T10:37:23","modified_gmt":"2017-03-08T10:37:23","slug":"gonorrea","status":"publish","type":"page","link":"https:\/\/www.dermatologiagarces.es\/ca\/malalties-de-transmissio-sexual\/gonorrea\/","title":{"rendered":"Gonorrea"},"content":{"rendered":"<p>[vc_row][vc_column][vc_column_text]<\/p>\n<div id=\"p_p_id_56_INSTANCE_5tRl_\" class=\"portlet-boundary portlet-boundary_56_ portlet-static portlet-static-end portlet-journal-content \">\n<div id=\"aui-3-2-0PR1-1174\" class=\"portlet-borderless-container\">\n<div id=\"aui-3-2-0PR1-1171\" class=\"portlet-body\">\n<div id=\"article_10131_139655_596915_1.0\" class=\"journal-content-article\">\n<div id=\"aui-3-2-0PR1-1166\" class=\"caja_contenido\">\n<div id=\"aui-3-2-0PR1-1163\" class=\"caja_texto\">\n<div id=\"texto\" class=\"texto\">\n<p>La gonorrea \u00e9s una infecci\u00f3 bacteriana que es transmet per via sexual (sexe vaginal, sexe anal o sexe oral) i \u00e9s causada per un bacteri anomenat <em>Neisseria gonorrhoeae<\/em>. Les dones que la contrauen poden notar canvis en el flux vaginal, dolor a la zona inferior de l&#8217;abdomen o dolor en orinar. En els homes, \u00e9s m\u00e9s com\u00fa notar co\u00efssor en orinar o supuraci\u00f3 pel penis, encara que en tots dos casos pot no presentar cap tipus de s\u00edmptomes. El tractament \u00e9s molt senzill, per\u00f2 si no es rep pot causar problemes de salut en el futur.<\/p>\n<\/div>\n<\/div>\n<\/div>\n<\/div>\n<\/div>\n<\/div>\n<\/div>\n<p>[\/vc_column_text][\/vc_column][\/vc_row][vc_row][vc_column][vc_empty_space][vc_empty_space][vc_empty_space][vc_cta h2=&#8221;Si vol demanar cita o m\u00e9s informaci\u00f3, contacti amb nosaltres&#8221; h2_font_container=&#8221;font_size:24|color:%23ffffff&#8221; h2_use_theme_fonts=&#8221;yes&#8221; add_button=&#8221;right&#8221; btn_title=&#8221;Contacte&#8221; btn_style=&#8221;classic&#8221; btn_color=&#8221;chino&#8221; btn_align=&#8221;right&#8221; css=&#8221;.vc_custom_1488969404494{background-color: #3b506b !important;}&#8221; use_custom_fonts_h2=&#8221;true&#8221; use_custom_fonts_h4=&#8221;true&#8221; btn_button_block=&#8221;true&#8221; btn_link=&#8221;url:https%3A%2F%2Fwww.dermatologiagarces.es%2Fca%2Fcontactar%2F||&#8221;][\/vc_cta][\/vc_column][\/vc_row]<\/p>\n","protected":false},"excerpt":{"rendered":"<p>[vc_row][vc_column][vc_column_text] La gonorrea \u00e9s una infecci\u00f3 bacteriana que es transmet per via sexual (sexe vaginal, sexe anal o sexe oral) i \u00e9s causada per un bacteri anomenat Neisseria gonorrhoeae. Les dones que la contrauen poden notar canvis en el flux vaginal, dolor a la zona inferior de l&#8217;abdomen o dolor en orinar. En els homes, [&hellip;]<\/p>\n","protected":false},"author":1,"featured_media":0,"parent":1252,"menu_order":0,"comment_status":"closed","ping_status":"closed","template":"","meta":{"footnotes":""},"class_list":["post-1331","page","type-page","status-publish","hentry"],"yoast_head":"<!-- This site is optimized with the Yoast SEO plugin v26.8 - https:\/\/yoast.com\/product\/yoast-seo-wordpress\/ -->\n<title>Gonorrea - Dermatologia Garces<\/title>\n<meta name=\"robots\" content=\"index, follow, max-snippet:-1, max-image-preview:large, max-video-preview:-1\" \/>\n<link rel=\"canonical\" href=\"https:\/\/www.dermatologiagarces.es\/ca\/malalties-de-transmissio-sexual\/gonorrea\/\" \/>\n<meta property=\"og:locale\" content=\"ca_ES\" \/>\n<meta property=\"og:type\" content=\"article\" \/>\n<meta property=\"og:title\" content=\"Gonorrea - Dermatologia Garces\" \/>\n<meta property=\"og:description\" content=\"[vc_row][vc_column][vc_column_text] La gonorrea \u00e9s una infecci\u00f3 bacteriana que es transmet per via sexual (sexe vaginal, sexe anal o sexe oral) i \u00e9s causada per un bacteri anomenat Neisseria gonorrhoeae. Les dones que la contrauen poden notar canvis en el flux vaginal, dolor a la zona inferior de l&#8217;abdomen o dolor en orinar. En els homes, [&hellip;]\" \/>\n<meta property=\"og:url\" content=\"https:\/\/www.dermatologiagarces.es\/ca\/malalties-de-transmissio-sexual\/gonorrea\/\" \/>\n<meta property=\"og:site_name\" content=\"Dermatologia Garces\" \/>\n<meta property=\"article:modified_time\" content=\"2017-03-08T10:37:23+00:00\" \/>\n<meta name=\"twitter:card\" content=\"summary_large_image\" \/>\n<meta name=\"twitter:label1\" content=\"Est. reading time\" \/>\n\t<meta name=\"twitter:data1\" content=\"1 minute\" \/>\n<script type=\"application\/ld+json\" class=\"yoast-schema-graph\">{\"@context\":\"https:\/\/schema.org\",\"@graph\":[{\"@type\":\"WebPage\",\"@id\":\"https:\/\/www.dermatologiagarces.es\/ca\/malalties-de-transmissio-sexual\/gonorrea\/\",\"url\":\"https:\/\/www.dermatologiagarces.es\/ca\/malalties-de-transmissio-sexual\/gonorrea\/\",\"name\":\"Gonorrea - Dermatologia Garces\",\"isPartOf\":{\"@id\":\"https:\/\/www.dermatologiagarces.es\/#website\"},\"datePublished\":\"2017-03-06T10:15:22+00:00\",\"dateModified\":\"2017-03-08T10:37:23+00:00\",\"breadcrumb\":{\"@id\":\"https:\/\/www.dermatologiagarces.es\/ca\/malalties-de-transmissio-sexual\/gonorrea\/#breadcrumb\"},\"inLanguage\":\"ca-ES\",\"potentialAction\":[{\"@type\":\"ReadAction\",\"target\":[\"https:\/\/www.dermatologiagarces.es\/ca\/malalties-de-transmissio-sexual\/gonorrea\/\"]}]},{\"@type\":\"BreadcrumbList\",\"@id\":\"https:\/\/www.dermatologiagarces.es\/ca\/malalties-de-transmissio-sexual\/gonorrea\/#breadcrumb\",\"itemListElement\":[{\"@type\":\"ListItem\",\"position\":1,\"name\":\"Portada\",\"item\":\"https:\/\/www.dermatologiagarces.es\/ca\/\"},{\"@type\":\"ListItem\",\"position\":2,\"name\":\"Malalties de transmissi\u00f3 sexual\",\"item\":\"https:\/\/www.dermatologiagarces.es\/ca\/malalties-de-transmissio-sexual\/\"},{\"@type\":\"ListItem\",\"position\":3,\"name\":\"Gonorrea\"}]},{\"@type\":\"WebSite\",\"@id\":\"https:\/\/www.dermatologiagarces.es\/#website\",\"url\":\"https:\/\/www.dermatologiagarces.es\/\",\"name\":\"Dermatologia Garces\",\"description\":\"Dermatologia Dr. JR Garc\u00e9s Centro M\u00e9dico Teknon\",\"publisher\":{\"@id\":\"https:\/\/www.dermatologiagarces.es\/#organization\"},\"potentialAction\":[{\"@type\":\"SearchAction\",\"target\":{\"@type\":\"EntryPoint\",\"urlTemplate\":\"https:\/\/www.dermatologiagarces.es\/?s={search_term_string}\"},\"query-input\":{\"@type\":\"PropertyValueSpecification\",\"valueRequired\":true,\"valueName\":\"search_term_string\"}}],\"inLanguage\":\"ca-ES\"},{\"@type\":\"Organization\",\"@id\":\"https:\/\/www.dermatologiagarces.es\/#organization\",\"name\":\"Dermatologia Garc\u00e9s\",\"url\":\"https:\/\/www.dermatologiagarces.es\/\",\"logo\":{\"@type\":\"ImageObject\",\"inLanguage\":\"ca-ES\",\"@id\":\"https:\/\/www.dermatologiagarces.es\/#\/schema\/logo\/image\/\",\"url\":\"https:\/\/www.dermatologiagarces.es\/wp-content\/uploads\/2016\/04\/Logotip-Garces-1-e1490180757988.png\",\"contentUrl\":\"https:\/\/www.dermatologiagarces.es\/wp-content\/uploads\/2016\/04\/Logotip-Garces-1-e1490180757988.png\",\"width\":150,\"height\":55,\"caption\":\"Dermatologia Garc\u00e9s\"},\"image\":{\"@id\":\"https:\/\/www.dermatologiagarces.es\/#\/schema\/logo\/image\/\"}}]}<\/script>\n<!-- \/ Yoast SEO plugin. -->","yoast_head_json":{"title":"Gonorrea - Dermatologia Garces","robots":{"index":"index","follow":"follow","max-snippet":"max-snippet:-1","max-image-preview":"max-image-preview:large","max-video-preview":"max-video-preview:-1"},"canonical":"https:\/\/www.dermatologiagarces.es\/ca\/malalties-de-transmissio-sexual\/gonorrea\/","og_locale":"ca_ES","og_type":"article","og_title":"Gonorrea - Dermatologia Garces","og_description":"[vc_row][vc_column][vc_column_text] La gonorrea \u00e9s una infecci\u00f3 bacteriana que es transmet per via sexual (sexe vaginal, sexe anal o sexe oral) i \u00e9s causada per un bacteri anomenat Neisseria gonorrhoeae. Les dones que la contrauen poden notar canvis en el flux vaginal, dolor a la zona inferior de l&#8217;abdomen o dolor en orinar. En els homes, [&hellip;]","og_url":"https:\/\/www.dermatologiagarces.es\/ca\/malalties-de-transmissio-sexual\/gonorrea\/","og_site_name":"Dermatologia Garces","article_modified_time":"2017-03-08T10:37:23+00:00","twitter_card":"summary_large_image","twitter_misc":{"Est. reading time":"1 minute"},"schema":{"@context":"https:\/\/schema.org","@graph":[{"@type":"WebPage","@id":"https:\/\/www.dermatologiagarces.es\/ca\/malalties-de-transmissio-sexual\/gonorrea\/","url":"https:\/\/www.dermatologiagarces.es\/ca\/malalties-de-transmissio-sexual\/gonorrea\/","name":"Gonorrea - Dermatologia Garces","isPartOf":{"@id":"https:\/\/www.dermatologiagarces.es\/#website"},"datePublished":"2017-03-06T10:15:22+00:00","dateModified":"2017-03-08T10:37:23+00:00","breadcrumb":{"@id":"https:\/\/www.dermatologiagarces.es\/ca\/malalties-de-transmissio-sexual\/gonorrea\/#breadcrumb"},"inLanguage":"ca-ES","potentialAction":[{"@type":"ReadAction","target":["https:\/\/www.dermatologiagarces.es\/ca\/malalties-de-transmissio-sexual\/gonorrea\/"]}]},{"@type":"BreadcrumbList","@id":"https:\/\/www.dermatologiagarces.es\/ca\/malalties-de-transmissio-sexual\/gonorrea\/#breadcrumb","itemListElement":[{"@type":"ListItem","position":1,"name":"Portada","item":"https:\/\/www.dermatologiagarces.es\/ca\/"},{"@type":"ListItem","position":2,"name":"Malalties de transmissi\u00f3 sexual","item":"https:\/\/www.dermatologiagarces.es\/ca\/malalties-de-transmissio-sexual\/"},{"@type":"ListItem","position":3,"name":"Gonorrea"}]},{"@type":"WebSite","@id":"https:\/\/www.dermatologiagarces.es\/#website","url":"https:\/\/www.dermatologiagarces.es\/","name":"Dermatologia Garces","description":"Dermatologia Dr. JR Garc\u00e9s Centro M\u00e9dico Teknon","publisher":{"@id":"https:\/\/www.dermatologiagarces.es\/#organization"},"potentialAction":[{"@type":"SearchAction","target":{"@type":"EntryPoint","urlTemplate":"https:\/\/www.dermatologiagarces.es\/?s={search_term_string}"},"query-input":{"@type":"PropertyValueSpecification","valueRequired":true,"valueName":"search_term_string"}}],"inLanguage":"ca-ES"},{"@type":"Organization","@id":"https:\/\/www.dermatologiagarces.es\/#organization","name":"Dermatologia Garc\u00e9s","url":"https:\/\/www.dermatologiagarces.es\/","logo":{"@type":"ImageObject","inLanguage":"ca-ES","@id":"https:\/\/www.dermatologiagarces.es\/#\/schema\/logo\/image\/","url":"https:\/\/www.dermatologiagarces.es\/wp-content\/uploads\/2016\/04\/Logotip-Garces-1-e1490180757988.png","contentUrl":"https:\/\/www.dermatologiagarces.es\/wp-content\/uploads\/2016\/04\/Logotip-Garces-1-e1490180757988.png","width":150,"height":55,"caption":"Dermatologia Garc\u00e9s"},"image":{"@id":"https:\/\/www.dermatologiagarces.es\/#\/schema\/logo\/image\/"}}]}},"_links":{"self":[{"href":"https:\/\/www.dermatologiagarces.es\/ca\/wp-json\/wp\/v2\/pages\/1331","targetHints":{"allow":["GET"]}}],"collection":[{"href":"https:\/\/www.dermatologiagarces.es\/ca\/wp-json\/wp\/v2\/pages"}],"about":[{"href":"https:\/\/www.dermatologiagarces.es\/ca\/wp-json\/wp\/v2\/types\/page"}],"author":[{"embeddable":true,"href":"https:\/\/www.dermatologiagarces.es\/ca\/wp-json\/wp\/v2\/users\/1"}],"replies":[{"embeddable":true,"href":"https:\/\/www.dermatologiagarces.es\/ca\/wp-json\/wp\/v2\/comments?post=1331"}],"version-history":[{"count":3,"href":"https:\/\/www.dermatologiagarces.es\/ca\/wp-json\/wp\/v2\/pages\/1331\/revisions"}],"predecessor-version":[{"id":1606,"href":"https:\/\/www.dermatologiagarces.es\/ca\/wp-json\/wp\/v2\/pages\/1331\/revisions\/1606"}],"up":[{"embeddable":true,"href":"https:\/\/www.dermatologiagarces.es\/ca\/wp-json\/wp\/v2\/pages\/1252"}],"wp:attachment":[{"href":"https:\/\/www.dermatologiagarces.es\/ca\/wp-json\/wp\/v2\/media?parent=1331"}],"curies":[{"name":"wp","href":"https:\/\/api.w.org\/{rel}","templated":true}]}}