{"id":1356,"date":"2017-03-06T10:21:42","date_gmt":"2017-03-06T10:21:42","guid":{"rendered":"https:\/\/www.dermatologiagarces.es\/?page_id=1356\/"},"modified":"2017-03-30T08:01:43","modified_gmt":"2017-03-30T08:01:43","slug":"tractament-amb-laser","status":"publish","type":"page","link":"https:\/\/www.dermatologiagarces.es\/ca\/dermatologia-estetica\/tractament-amb-laser\/","title":{"rendered":"Tractament amb l\u00e0ser"},"content":{"rendered":"<p>[vc_row][vc_column][vc_column_text]<\/p>\n<div id=\"p_p_id_56_INSTANCE_5tRl_\" class=\"portlet-boundary portlet-boundary_56_ portlet-static portlet-static-end portlet-journal-content \">\n<div id=\"aui-3-2-0PR1-1174\" class=\"portlet-borderless-container\">\n<div id=\"aui-3-2-0PR1-1171\" class=\"portlet-body\">\n<div id=\"article_10131_139655_596915_1.0\" class=\"journal-content-article\">\n<div id=\"aui-3-2-0PR1-1166\" class=\"caja_contenido\">\n<div id=\"aui-3-2-0PR1-1163\" class=\"caja_texto\">\n<div id=\"texto\" class=\"texto\">\n<p>Existeixen tres tipus de tractament amb l\u00e0ser que poden ajudar-nos a millorar la cara i proporcionar grans canvis.<\/p>\n<ul>\n<li><strong>El L\u00e0ser fraccional no agressiu:<\/strong> serveix per desfer-nos d&#8217;aquestes inc\u00f2modes marques a la pell ja siguin cicatrius, estries o marques causades per l&#8217;acne.<\/li>\n<li><strong>El L\u00e0ser amb llum polsada<\/strong>: un bon aliat per eliminar les taques de la pell i allisar la superf\u00edcie d&#8217;aquesta. Tanca els porus i suposa un complement indispensable per a les vitamines injectades. Amb aquest tipus de tractament s&#8217;aconsegueix un rostre amb un pell neta, fresca i juvenil<\/li>\n<li><strong>El L\u00e0ser depilaci<\/strong>\u00f3: suposa l&#8217;eliminaci\u00f3 definitiva del borrissol facial sense haver de realitzar cap tipus de depilaci\u00f3 posterior al tractament.<\/li>\n<\/ul>\n<p>Aquest tipus de tractaments es realitzen a trav\u00e9s de l&#8217;<strong><a href=\"http:\/\/fotomedicina.com\/\">Institut de Fotomedicina del Centre M\u00e8dic Teknon<\/a><\/strong>, un centre especialitzat en l&#8217;\u00fas del l\u00e0ser per al tractament dermatol\u00f2gic. i del qual el <a href=\"https:\/\/www.dermatologiagarces.es\/ca\/jrgarces\/\">Dr. JR Garc\u00e9s<\/a> \u00e9s actualment Director M\u00e8dic.<\/p>\n<p>&nbsp;<\/p>\n<\/div>\n<\/div>\n<\/div>\n<\/div>\n<\/div>\n<\/div>\n<\/div>\n<p>[\/vc_column_text][vc_separator][vc_empty_space][vc_empty_space][vc_empty_space][vc_cta h2=&#8221;Si vol demanar cita o m\u00e9s informaci\u00f3, contacti amb nosaltres&#8221; h2_font_container=&#8221;font_size:24|color:%23ffffff&#8221; h2_use_theme_fonts=&#8221;yes&#8221; add_button=&#8221;right&#8221; btn_title=&#8221;Contactar&#8221; btn_style=&#8221;classic&#8221; btn_color=&#8221;chino&#8221; btn_align=&#8221;right&#8221; css=&#8221;.vc_custom_1488903228769{background-color: #3b506b !important;}&#8221; use_custom_fonts_h2=&#8221;true&#8221; use_custom_fonts_h4=&#8221;true&#8221; btn_button_block=&#8221;true&#8221; btn_link=&#8221;url:https%3A%2F%2Fwww.dermatologiagarces.es%2Fca%2Fcontactar%2F||&#8221;][\/vc_cta][\/vc_column][\/vc_row]<\/p>\n","protected":false},"excerpt":{"rendered":"<p>[vc_row][vc_column][vc_column_text] Existeixen tres tipus de tractament amb l\u00e0ser que poden ajudar-nos a millorar la cara i proporcionar grans canvis. El L\u00e0ser fraccional no agressiu: serveix per desfer-nos d&#8217;aquestes inc\u00f2modes marques a la pell ja siguin cicatrius, estries o marques causades per l&#8217;acne. El L\u00e0ser amb llum polsada: un bon aliat per eliminar les taques de [&hellip;]<\/p>\n","protected":false},"author":1,"featured_media":0,"parent":1265,"menu_order":0,"comment_status":"closed","ping_status":"closed","template":"","meta":{"footnotes":""},"class_list":["post-1356","page","type-page","status-publish","hentry"],"yoast_head":"<!-- This site is optimized with the Yoast SEO plugin v26.8 - https:\/\/yoast.com\/product\/yoast-seo-wordpress\/ -->\n<title>Tractament amb l\u00e0ser - Dermatologia Garces<\/title>\n<meta name=\"robots\" content=\"index, follow, max-snippet:-1, max-image-preview:large, max-video-preview:-1\" \/>\n<link rel=\"canonical\" href=\"https:\/\/www.dermatologiagarces.es\/ca\/dermatologia-estetica\/tractament-amb-laser\/\" \/>\n<meta property=\"og:locale\" content=\"ca_ES\" \/>\n<meta property=\"og:type\" content=\"article\" \/>\n<meta property=\"og:title\" content=\"Tractament amb l\u00e0ser - Dermatologia Garces\" \/>\n<meta property=\"og:description\" content=\"[vc_row][vc_column][vc_column_text] Existeixen tres tipus de tractament amb l\u00e0ser que poden ajudar-nos a millorar la cara i proporcionar grans canvis. El L\u00e0ser fraccional no agressiu: serveix per desfer-nos d&#8217;aquestes inc\u00f2modes marques a la pell ja siguin cicatrius, estries o marques causades per l&#8217;acne. El L\u00e0ser amb llum polsada: un bon aliat per eliminar les taques de [&hellip;]\" \/>\n<meta property=\"og:url\" content=\"https:\/\/www.dermatologiagarces.es\/ca\/dermatologia-estetica\/tractament-amb-laser\/\" \/>\n<meta property=\"og:site_name\" content=\"Dermatologia Garces\" \/>\n<meta property=\"article:modified_time\" content=\"2017-03-30T08:01:43+00:00\" \/>\n<meta name=\"twitter:card\" content=\"summary_large_image\" \/>\n<meta name=\"twitter:label1\" content=\"Est. reading time\" \/>\n\t<meta name=\"twitter:data1\" content=\"1 minute\" \/>\n<script type=\"application\/ld+json\" class=\"yoast-schema-graph\">{\"@context\":\"https:\/\/schema.org\",\"@graph\":[{\"@type\":\"WebPage\",\"@id\":\"https:\/\/www.dermatologiagarces.es\/ca\/dermatologia-estetica\/tractament-amb-laser\/\",\"url\":\"https:\/\/www.dermatologiagarces.es\/ca\/dermatologia-estetica\/tractament-amb-laser\/\",\"name\":\"Tractament amb l\u00e0ser - Dermatologia Garces\",\"isPartOf\":{\"@id\":\"https:\/\/www.dermatologiagarces.es\/#website\"},\"datePublished\":\"2017-03-06T10:21:42+00:00\",\"dateModified\":\"2017-03-30T08:01:43+00:00\",\"breadcrumb\":{\"@id\":\"https:\/\/www.dermatologiagarces.es\/ca\/dermatologia-estetica\/tractament-amb-laser\/#breadcrumb\"},\"inLanguage\":\"ca-ES\",\"potentialAction\":[{\"@type\":\"ReadAction\",\"target\":[\"https:\/\/www.dermatologiagarces.es\/ca\/dermatologia-estetica\/tractament-amb-laser\/\"]}]},{\"@type\":\"BreadcrumbList\",\"@id\":\"https:\/\/www.dermatologiagarces.es\/ca\/dermatologia-estetica\/tractament-amb-laser\/#breadcrumb\",\"itemListElement\":[{\"@type\":\"ListItem\",\"position\":1,\"name\":\"Portada\",\"item\":\"https:\/\/www.dermatologiagarces.es\/ca\/\"},{\"@type\":\"ListItem\",\"position\":2,\"name\":\"Dermatologia est\u00e8tica\",\"item\":\"https:\/\/www.dermatologiagarces.es\/ca\/dermatologia-estetica\/\"},{\"@type\":\"ListItem\",\"position\":3,\"name\":\"Tractament amb l\u00e0ser\"}]},{\"@type\":\"WebSite\",\"@id\":\"https:\/\/www.dermatologiagarces.es\/#website\",\"url\":\"https:\/\/www.dermatologiagarces.es\/\",\"name\":\"Dermatologia Garces\",\"description\":\"Dermatologia Dr. JR Garc\u00e9s Centro M\u00e9dico Teknon\",\"publisher\":{\"@id\":\"https:\/\/www.dermatologiagarces.es\/#organization\"},\"potentialAction\":[{\"@type\":\"SearchAction\",\"target\":{\"@type\":\"EntryPoint\",\"urlTemplate\":\"https:\/\/www.dermatologiagarces.es\/?s={search_term_string}\"},\"query-input\":{\"@type\":\"PropertyValueSpecification\",\"valueRequired\":true,\"valueName\":\"search_term_string\"}}],\"inLanguage\":\"ca-ES\"},{\"@type\":\"Organization\",\"@id\":\"https:\/\/www.dermatologiagarces.es\/#organization\",\"name\":\"Dermatologia Garc\u00e9s\",\"url\":\"https:\/\/www.dermatologiagarces.es\/\",\"logo\":{\"@type\":\"ImageObject\",\"inLanguage\":\"ca-ES\",\"@id\":\"https:\/\/www.dermatologiagarces.es\/#\/schema\/logo\/image\/\",\"url\":\"https:\/\/www.dermatologiagarces.es\/wp-content\/uploads\/2016\/04\/Logotip-Garces-1-e1490180757988.png\",\"contentUrl\":\"https:\/\/www.dermatologiagarces.es\/wp-content\/uploads\/2016\/04\/Logotip-Garces-1-e1490180757988.png\",\"width\":150,\"height\":55,\"caption\":\"Dermatologia Garc\u00e9s\"},\"image\":{\"@id\":\"https:\/\/www.dermatologiagarces.es\/#\/schema\/logo\/image\/\"}}]}<\/script>\n<!-- \/ Yoast SEO plugin. -->","yoast_head_json":{"title":"Tractament amb l\u00e0ser - Dermatologia Garces","robots":{"index":"index","follow":"follow","max-snippet":"max-snippet:-1","max-image-preview":"max-image-preview:large","max-video-preview":"max-video-preview:-1"},"canonical":"https:\/\/www.dermatologiagarces.es\/ca\/dermatologia-estetica\/tractament-amb-laser\/","og_locale":"ca_ES","og_type":"article","og_title":"Tractament amb l\u00e0ser - Dermatologia Garces","og_description":"[vc_row][vc_column][vc_column_text] Existeixen tres tipus de tractament amb l\u00e0ser que poden ajudar-nos a millorar la cara i proporcionar grans canvis. El L\u00e0ser fraccional no agressiu: serveix per desfer-nos d&#8217;aquestes inc\u00f2modes marques a la pell ja siguin cicatrius, estries o marques causades per l&#8217;acne. El L\u00e0ser amb llum polsada: un bon aliat per eliminar les taques de [&hellip;]","og_url":"https:\/\/www.dermatologiagarces.es\/ca\/dermatologia-estetica\/tractament-amb-laser\/","og_site_name":"Dermatologia Garces","article_modified_time":"2017-03-30T08:01:43+00:00","twitter_card":"summary_large_image","twitter_misc":{"Est. reading time":"1 minute"},"schema":{"@context":"https:\/\/schema.org","@graph":[{"@type":"WebPage","@id":"https:\/\/www.dermatologiagarces.es\/ca\/dermatologia-estetica\/tractament-amb-laser\/","url":"https:\/\/www.dermatologiagarces.es\/ca\/dermatologia-estetica\/tractament-amb-laser\/","name":"Tractament amb l\u00e0ser - Dermatologia Garces","isPartOf":{"@id":"https:\/\/www.dermatologiagarces.es\/#website"},"datePublished":"2017-03-06T10:21:42+00:00","dateModified":"2017-03-30T08:01:43+00:00","breadcrumb":{"@id":"https:\/\/www.dermatologiagarces.es\/ca\/dermatologia-estetica\/tractament-amb-laser\/#breadcrumb"},"inLanguage":"ca-ES","potentialAction":[{"@type":"ReadAction","target":["https:\/\/www.dermatologiagarces.es\/ca\/dermatologia-estetica\/tractament-amb-laser\/"]}]},{"@type":"BreadcrumbList","@id":"https:\/\/www.dermatologiagarces.es\/ca\/dermatologia-estetica\/tractament-amb-laser\/#breadcrumb","itemListElement":[{"@type":"ListItem","position":1,"name":"Portada","item":"https:\/\/www.dermatologiagarces.es\/ca\/"},{"@type":"ListItem","position":2,"name":"Dermatologia est\u00e8tica","item":"https:\/\/www.dermatologiagarces.es\/ca\/dermatologia-estetica\/"},{"@type":"ListItem","position":3,"name":"Tractament amb l\u00e0ser"}]},{"@type":"WebSite","@id":"https:\/\/www.dermatologiagarces.es\/#website","url":"https:\/\/www.dermatologiagarces.es\/","name":"Dermatologia Garces","description":"Dermatologia Dr. JR Garc\u00e9s Centro M\u00e9dico Teknon","publisher":{"@id":"https:\/\/www.dermatologiagarces.es\/#organization"},"potentialAction":[{"@type":"SearchAction","target":{"@type":"EntryPoint","urlTemplate":"https:\/\/www.dermatologiagarces.es\/?s={search_term_string}"},"query-input":{"@type":"PropertyValueSpecification","valueRequired":true,"valueName":"search_term_string"}}],"inLanguage":"ca-ES"},{"@type":"Organization","@id":"https:\/\/www.dermatologiagarces.es\/#organization","name":"Dermatologia Garc\u00e9s","url":"https:\/\/www.dermatologiagarces.es\/","logo":{"@type":"ImageObject","inLanguage":"ca-ES","@id":"https:\/\/www.dermatologiagarces.es\/#\/schema\/logo\/image\/","url":"https:\/\/www.dermatologiagarces.es\/wp-content\/uploads\/2016\/04\/Logotip-Garces-1-e1490180757988.png","contentUrl":"https:\/\/www.dermatologiagarces.es\/wp-content\/uploads\/2016\/04\/Logotip-Garces-1-e1490180757988.png","width":150,"height":55,"caption":"Dermatologia Garc\u00e9s"},"image":{"@id":"https:\/\/www.dermatologiagarces.es\/#\/schema\/logo\/image\/"}}]}},"_links":{"self":[{"href":"https:\/\/www.dermatologiagarces.es\/ca\/wp-json\/wp\/v2\/pages\/1356","targetHints":{"allow":["GET"]}}],"collection":[{"href":"https:\/\/www.dermatologiagarces.es\/ca\/wp-json\/wp\/v2\/pages"}],"about":[{"href":"https:\/\/www.dermatologiagarces.es\/ca\/wp-json\/wp\/v2\/types\/page"}],"author":[{"embeddable":true,"href":"https:\/\/www.dermatologiagarces.es\/ca\/wp-json\/wp\/v2\/users\/1"}],"replies":[{"embeddable":true,"href":"https:\/\/www.dermatologiagarces.es\/ca\/wp-json\/wp\/v2\/comments?post=1356"}],"version-history":[{"count":3,"href":"https:\/\/www.dermatologiagarces.es\/ca\/wp-json\/wp\/v2\/pages\/1356\/revisions"}],"predecessor-version":[{"id":1754,"href":"https:\/\/www.dermatologiagarces.es\/ca\/wp-json\/wp\/v2\/pages\/1356\/revisions\/1754"}],"up":[{"embeddable":true,"href":"https:\/\/www.dermatologiagarces.es\/ca\/wp-json\/wp\/v2\/pages\/1265"}],"wp:attachment":[{"href":"https:\/\/www.dermatologiagarces.es\/ca\/wp-json\/wp\/v2\/media?parent=1356"}],"curies":[{"name":"wp","href":"https:\/\/api.w.org\/{rel}","templated":true}]}}