{"id":1322,"date":"2017-03-06T10:13:07","date_gmt":"2017-03-06T10:13:07","guid":{"rendered":"https:\/\/www.dermatologiagarces.es\/?page_id=1322\/"},"modified":"2017-03-08T11:27:24","modified_gmt":"2017-03-08T11:27:24","slug":"acne","status":"publish","type":"page","link":"https:\/\/www.dermatologiagarces.es\/en\/clinical-dermatology\/acne\/","title":{"rendered":"Acne"},"content":{"rendered":"<p>[vc_row][vc_column][vc_column_text]<\/p>\n<div id=\"p_p_id_56_INSTANCE_5tRl_\" class=\"portlet-boundary portlet-boundary_56_ portlet-static portlet-static-end portlet-journal-content \">\n<div id=\"aui-3-2-0PR1-1174\" class=\"portlet-borderless-container\">\n<div id=\"aui-3-2-0PR1-1171\" class=\"portlet-body\">\n<div id=\"article_10131_139655_596915_1.0\" class=\"journal-content-article\">\n<div id=\"aui-3-2-0PR1-1166\" class=\"caja_contenido\">\n<div id=\"aui-3-2-0PR1-1163\" class=\"caja_texto\">\n<div id=\"texto\" class=\"texto\">\n<p>Acne is identified by the appearance of pimples and spots on different areas of the skin, such as the face, back or chest. It consists of the inflammation of the pilosebaceous unit of the skin, creating comedones, papules, pustules and, occasionally, true cysts in the case of the well-known and much-feared nodular and cystic acne.<\/p>\n<p>While it is possible to suffer from acne later in life, it is usually characterized by its appearance during adolescence as a response to hormonal changes in the body. It is more usual in young women aged between 16 and 30.<\/p>\n<p>Before giving any treatment, a study of each patient is necessary to identify their hormone levels and their cosmetic habits.<\/p>\n<p>&nbsp;<\/p>\n<p><strong><u>Acne Treatment<\/u><\/strong><\/p>\n<p><strong>Peelings, anti-inflammatories and antibiotics<\/strong> provide effective treatment for acne with very good results. In most cases, the acne disappears after treatment.<\/p>\n<p>In some more persistent cases, the patient is also <strong>treated with pills containing vitamin A derivatives (retinoids)<\/strong>.<\/p>\n<p>In severe cases or when retinoids (vitamin A derivatives) cannot be administered, we have <strong>photoluminescence treatments such as <a href=\"https:\/\/www.dermatologiagarces.es\/en\/dermatologic-surgery\/photodynamic-therapy\/\">photodynamic therapy<\/a><\/strong>, which are highly effective and have hardly any side effects.<\/p>\n<p>Acne can sometimes have an unwanted aesthetic aftermath. Chemical peelings and non-ablative fractional laser therapy regulate the skin surface and minimize the cosmetic impact.<\/p>\n<p>El haber sufrido acn\u00e9 puede dejar en algunos casos secuelas est\u00e9ticas. Los peelings qu\u00edmicos y la terapia con l\u00e1ser funcional no ablativo permiten regularizar la superficie de la piel y minimizar el impacto cosm\u00e9tico.<\/p>\n<\/div>\n<\/div>\n<\/div>\n<\/div>\n<\/div>\n<\/div>\n<\/div>\n<p>[\/vc_column_text][\/vc_column][\/vc_row][vc_row][vc_column][vc_empty_space][vc_empty_space][vc_empty_space][vc_cta h2=&#8221;If you would like to make an appointment or request more information, please contact us.&#8221; h2_font_container=&#8221;font_size:24|color:%23ffffff&#8221; h2_use_theme_fonts=&#8221;yes&#8221; add_button=&#8221;right&#8221; btn_title=&#8221;Contact&#8221; btn_style=&#8221;classic&#8221; btn_color=&#8221;chino&#8221; btn_align=&#8221;right&#8221; css=&#8221;.vc_custom_1488972261488{background-color: #3b506b !important;}&#8221; use_custom_fonts_h2=&#8221;true&#8221; use_custom_fonts_h4=&#8221;true&#8221; btn_button_block=&#8221;true&#8221; btn_link=&#8221;url:https%3A%2F%2Fwww.dermatologiagarces.es%2Fen%2Fcontact%2F||&#8221;][\/vc_cta][\/vc_column][\/vc_row]<\/p>\n","protected":false},"excerpt":{"rendered":"<p>[vc_row][vc_column][vc_column_text] Acne is identified by the appearance of pimples and spots on different areas of the skin, such as the face, back or chest. It consists of the inflammation of the pilosebaceous unit of the skin, creating comedones, papules, pustules and, occasionally, true cysts in the case of the well-known and much-feared nodular and cystic [&hellip;]<\/p>\n","protected":false},"author":1,"featured_media":0,"parent":1257,"menu_order":0,"comment_status":"closed","ping_status":"closed","template":"","meta":{"footnotes":""},"class_list":["post-1322","page","type-page","status-publish","hentry"],"yoast_head":"<!-- This site is optimized with the Yoast SEO plugin v26.8 - https:\/\/yoast.com\/product\/yoast-seo-wordpress\/ -->\n<title>Acne - Dermatologia Garces<\/title>\n<meta name=\"robots\" content=\"index, follow, max-snippet:-1, max-image-preview:large, max-video-preview:-1\" \/>\n<link rel=\"canonical\" href=\"https:\/\/www.dermatologiagarces.es\/en\/clinical-dermatology\/acne\/\" \/>\n<meta property=\"og:locale\" content=\"en_US\" \/>\n<meta property=\"og:type\" content=\"article\" \/>\n<meta property=\"og:title\" content=\"Acne - Dermatologia Garces\" \/>\n<meta property=\"og:description\" content=\"[vc_row][vc_column][vc_column_text] Acne is identified by the appearance of pimples and spots on different areas of the skin, such as the face, back or chest. It consists of the inflammation of the pilosebaceous unit of the skin, creating comedones, papules, pustules and, occasionally, true cysts in the case of the well-known and much-feared nodular and cystic [&hellip;]\" \/>\n<meta property=\"og:url\" content=\"https:\/\/www.dermatologiagarces.es\/en\/clinical-dermatology\/acne\/\" \/>\n<meta property=\"og:site_name\" content=\"Dermatologia Garces\" \/>\n<meta property=\"article:modified_time\" content=\"2017-03-08T11:27:24+00:00\" \/>\n<meta name=\"twitter:card\" content=\"summary_large_image\" \/>\n<meta name=\"twitter:label1\" content=\"Est. reading time\" \/>\n\t<meta name=\"twitter:data1\" content=\"2 minutes\" \/>\n<script type=\"application\/ld+json\" class=\"yoast-schema-graph\">{\"@context\":\"https:\/\/schema.org\",\"@graph\":[{\"@type\":\"WebPage\",\"@id\":\"https:\/\/www.dermatologiagarces.es\/en\/clinical-dermatology\/acne\/\",\"url\":\"https:\/\/www.dermatologiagarces.es\/en\/clinical-dermatology\/acne\/\",\"name\":\"Acne - Dermatologia Garces\",\"isPartOf\":{\"@id\":\"https:\/\/www.dermatologiagarces.es\/#website\"},\"datePublished\":\"2017-03-06T10:13:07+00:00\",\"dateModified\":\"2017-03-08T11:27:24+00:00\",\"breadcrumb\":{\"@id\":\"https:\/\/www.dermatologiagarces.es\/en\/clinical-dermatology\/acne\/#breadcrumb\"},\"inLanguage\":\"en-US\",\"potentialAction\":[{\"@type\":\"ReadAction\",\"target\":[\"https:\/\/www.dermatologiagarces.es\/en\/clinical-dermatology\/acne\/\"]}]},{\"@type\":\"BreadcrumbList\",\"@id\":\"https:\/\/www.dermatologiagarces.es\/en\/clinical-dermatology\/acne\/#breadcrumb\",\"itemListElement\":[{\"@type\":\"ListItem\",\"position\":1,\"name\":\"Portada\",\"item\":\"https:\/\/www.dermatologiagarces.es\/en\/\"},{\"@type\":\"ListItem\",\"position\":2,\"name\":\"Clinical dermatology\",\"item\":\"https:\/\/www.dermatologiagarces.es\/en\/clinical-dermatology\/\"},{\"@type\":\"ListItem\",\"position\":3,\"name\":\"Acne\"}]},{\"@type\":\"WebSite\",\"@id\":\"https:\/\/www.dermatologiagarces.es\/#website\",\"url\":\"https:\/\/www.dermatologiagarces.es\/\",\"name\":\"Dermatologia Garces\",\"description\":\"Dermatology Dr. JR Garc\u00e9s Centro M\u00e9dico Teknon\",\"publisher\":{\"@id\":\"https:\/\/www.dermatologiagarces.es\/#organization\"},\"potentialAction\":[{\"@type\":\"SearchAction\",\"target\":{\"@type\":\"EntryPoint\",\"urlTemplate\":\"https:\/\/www.dermatologiagarces.es\/?s={search_term_string}\"},\"query-input\":{\"@type\":\"PropertyValueSpecification\",\"valueRequired\":true,\"valueName\":\"search_term_string\"}}],\"inLanguage\":\"en-US\"},{\"@type\":\"Organization\",\"@id\":\"https:\/\/www.dermatologiagarces.es\/#organization\",\"name\":\"Dermatologia Garc\u00e9s\",\"url\":\"https:\/\/www.dermatologiagarces.es\/\",\"logo\":{\"@type\":\"ImageObject\",\"inLanguage\":\"en-US\",\"@id\":\"https:\/\/www.dermatologiagarces.es\/#\/schema\/logo\/image\/\",\"url\":\"https:\/\/www.dermatologiagarces.es\/wp-content\/uploads\/2016\/04\/Logotip-Garces-1-e1490180757988.png\",\"contentUrl\":\"https:\/\/www.dermatologiagarces.es\/wp-content\/uploads\/2016\/04\/Logotip-Garces-1-e1490180757988.png\",\"width\":150,\"height\":55,\"caption\":\"Dermatologia Garc\u00e9s\"},\"image\":{\"@id\":\"https:\/\/www.dermatologiagarces.es\/#\/schema\/logo\/image\/\"}}]}<\/script>\n<!-- \/ Yoast SEO plugin. -->","yoast_head_json":{"title":"Acne - Dermatologia Garces","robots":{"index":"index","follow":"follow","max-snippet":"max-snippet:-1","max-image-preview":"max-image-preview:large","max-video-preview":"max-video-preview:-1"},"canonical":"https:\/\/www.dermatologiagarces.es\/en\/clinical-dermatology\/acne\/","og_locale":"en_US","og_type":"article","og_title":"Acne - Dermatologia Garces","og_description":"[vc_row][vc_column][vc_column_text] Acne is identified by the appearance of pimples and spots on different areas of the skin, such as the face, back or chest. It consists of the inflammation of the pilosebaceous unit of the skin, creating comedones, papules, pustules and, occasionally, true cysts in the case of the well-known and much-feared nodular and cystic [&hellip;]","og_url":"https:\/\/www.dermatologiagarces.es\/en\/clinical-dermatology\/acne\/","og_site_name":"Dermatologia Garces","article_modified_time":"2017-03-08T11:27:24+00:00","twitter_card":"summary_large_image","twitter_misc":{"Est. reading time":"2 minutes"},"schema":{"@context":"https:\/\/schema.org","@graph":[{"@type":"WebPage","@id":"https:\/\/www.dermatologiagarces.es\/en\/clinical-dermatology\/acne\/","url":"https:\/\/www.dermatologiagarces.es\/en\/clinical-dermatology\/acne\/","name":"Acne - Dermatologia Garces","isPartOf":{"@id":"https:\/\/www.dermatologiagarces.es\/#website"},"datePublished":"2017-03-06T10:13:07+00:00","dateModified":"2017-03-08T11:27:24+00:00","breadcrumb":{"@id":"https:\/\/www.dermatologiagarces.es\/en\/clinical-dermatology\/acne\/#breadcrumb"},"inLanguage":"en-US","potentialAction":[{"@type":"ReadAction","target":["https:\/\/www.dermatologiagarces.es\/en\/clinical-dermatology\/acne\/"]}]},{"@type":"BreadcrumbList","@id":"https:\/\/www.dermatologiagarces.es\/en\/clinical-dermatology\/acne\/#breadcrumb","itemListElement":[{"@type":"ListItem","position":1,"name":"Portada","item":"https:\/\/www.dermatologiagarces.es\/en\/"},{"@type":"ListItem","position":2,"name":"Clinical dermatology","item":"https:\/\/www.dermatologiagarces.es\/en\/clinical-dermatology\/"},{"@type":"ListItem","position":3,"name":"Acne"}]},{"@type":"WebSite","@id":"https:\/\/www.dermatologiagarces.es\/#website","url":"https:\/\/www.dermatologiagarces.es\/","name":"Dermatologia Garces","description":"Dermatology Dr. JR Garc\u00e9s Centro M\u00e9dico Teknon","publisher":{"@id":"https:\/\/www.dermatologiagarces.es\/#organization"},"potentialAction":[{"@type":"SearchAction","target":{"@type":"EntryPoint","urlTemplate":"https:\/\/www.dermatologiagarces.es\/?s={search_term_string}"},"query-input":{"@type":"PropertyValueSpecification","valueRequired":true,"valueName":"search_term_string"}}],"inLanguage":"en-US"},{"@type":"Organization","@id":"https:\/\/www.dermatologiagarces.es\/#organization","name":"Dermatologia Garc\u00e9s","url":"https:\/\/www.dermatologiagarces.es\/","logo":{"@type":"ImageObject","inLanguage":"en-US","@id":"https:\/\/www.dermatologiagarces.es\/#\/schema\/logo\/image\/","url":"https:\/\/www.dermatologiagarces.es\/wp-content\/uploads\/2016\/04\/Logotip-Garces-1-e1490180757988.png","contentUrl":"https:\/\/www.dermatologiagarces.es\/wp-content\/uploads\/2016\/04\/Logotip-Garces-1-e1490180757988.png","width":150,"height":55,"caption":"Dermatologia Garc\u00e9s"},"image":{"@id":"https:\/\/www.dermatologiagarces.es\/#\/schema\/logo\/image\/"}}]}},"_links":{"self":[{"href":"https:\/\/www.dermatologiagarces.es\/en\/wp-json\/wp\/v2\/pages\/1322","targetHints":{"allow":["GET"]}}],"collection":[{"href":"https:\/\/www.dermatologiagarces.es\/en\/wp-json\/wp\/v2\/pages"}],"about":[{"href":"https:\/\/www.dermatologiagarces.es\/en\/wp-json\/wp\/v2\/types\/page"}],"author":[{"embeddable":true,"href":"https:\/\/www.dermatologiagarces.es\/en\/wp-json\/wp\/v2\/users\/1"}],"replies":[{"embeddable":true,"href":"https:\/\/www.dermatologiagarces.es\/en\/wp-json\/wp\/v2\/comments?post=1322"}],"version-history":[{"count":4,"href":"https:\/\/www.dermatologiagarces.es\/en\/wp-json\/wp\/v2\/pages\/1322\/revisions"}],"predecessor-version":[{"id":1633,"href":"https:\/\/www.dermatologiagarces.es\/en\/wp-json\/wp\/v2\/pages\/1322\/revisions\/1633"}],"up":[{"embeddable":true,"href":"https:\/\/www.dermatologiagarces.es\/en\/wp-json\/wp\/v2\/pages\/1257"}],"wp:attachment":[{"href":"https:\/\/www.dermatologiagarces.es\/en\/wp-json\/wp\/v2\/media?parent=1322"}],"curies":[{"name":"wp","href":"https:\/\/api.w.org\/{rel}","templated":true}]}}